{"id":2540,"date":"2025-03-10T12:40:52","date_gmt":"2025-03-10T12:40:52","guid":{"rendered":"https:\/\/attoma.me\/a-propos-de\/"},"modified":"2025-08-26T18:16:34","modified_gmt":"2025-08-26T18:16:34","slug":"a-propos-de","status":"publish","type":"page","link":"https:\/\/attoma.me\/fr\/a-propos-de\/","title":{"rendered":"A propos de"},"content":{"rendered":"\n<h2 class=\"wp-block-heading\">Objet<\/h2>\n\n\n\n<p>Ce site est un espace de partage de r\u00e9flexions, d\u2019exp\u00e9riences et de projets issus de plusieurs d\u00e9cennies de pratique dans le domaine du design. Il a pour ambition de stimuler la conversation en tirer les le\u00e7ons du pass\u00e9 et, ainsi, d\u2019offrir un regard sur l\u2019avenir du design.<\/p>\n\n\n\n<h2 class=\"wp-block-heading\">Curateur<\/h2>\n\n\n\n<p>Le site est imagin\u00e9 et anim\u00e9 par Giuseppe Attoma Pepe. N\u00e9 \u00e0 G\u00eanes (Italie), Giuseppe est consultant en strat\u00e9gie design, fort de plus de 30 ans d\u2019exp\u00e9rience internationale aux c\u00f4t\u00e9s d\u2019organisations qu\u2019il a aid\u00e9es \u00e0 concevoir des services centr\u00e9s sur l\u2019utilisateur, des produits num\u00e9riques et des programmes de transformation.<\/p>\n\n\n\n<p>En 2025, \u00e0 la suite du recentrage d\u2019Assist Digital en France sur ses activit\u00e9s de centres d\u2019appels, il reprend son activit\u00e9 de conseil ind\u00e9pendant et de recherche en design.<\/p>\n\n\n\n<p>Fondateur, en 1997, d\u2019Attoma, agence parisienne reconnue comme pionni\u00e8re du design centr\u00e9 sur l\u2019utilisateur et parmi les premi\u00e8res \u00e0 d\u00e9fendre le design comme discipline strat\u00e9gique en Europe, il a rejoint en 2019 le groupe Assist Digital, acteur majeur de l\u2019exp\u00e9rience client en Europe. Il y a exerc\u00e9 en tant que strat\u00e8ge design senior, accompagnant l\u2019int\u00e9gration de la dimension strat\u00e9gique du design au sein de la filiale fran\u00e7aise.<\/p>\n\n\n\n<p>Giuseppe conseille des entreprises et des institutions publiques sur les strat\u00e9gies d\u2019innovation, les services complexes et les \u00e9cosyst\u00e8mes num\u00e9riques. Th\u00e9oricien reconnu dans les domaines du design de l\u2019information, du design de services et de l\u2019exp\u00e9rience utilisateur, il intervient r\u00e9guli\u00e8rement comme conf\u00e9rencier, auteur et enseignant invit\u00e9 dans des \u00e9coles de design de premier plan, en Europe et au-del\u00e0.<\/p>\n\n\n\n<h2 class=\"wp-block-heading\"><strong>\u00c9diteur et conception<\/strong><\/h2>\n\n\n\n<p>Ce site web est con\u00e7u, d\u00e9velopp\u00e9 et maintenu par<\/p>\n\n\n\n<p>Taking Tiger Mountain<br>Association Loi 1901 (France)<br>N\u00b0 RNA W751272003<br>68, rue du Bac<br>75007 Paris - France<\/p>\n\n\n\n<p>Directeur de la publication :\u00a0Giuseppe Attoma Pepe<br><a href=\"mailto:giuseppe.attoma@attoma.me\">giuseppe.attoma@attoma.me<\/a><\/p>\n\n\n\n<h2 class=\"wp-block-heading\">H\u00f4te<\/h2>\n\n\n\n<p>Ce site est h\u00e9berg\u00e9 par <strong>Kinsta Inc<\/strong>,<br>8605 Santa Monica Blvd, #92581, <br>West Hollywood, California 90069, US<\/p>\n\n\n\n<h2 class=\"wp-block-heading\">Cr\u00e9dits<\/h2>\n\n\n\n<p>La marque Attoma est enregistr\u00e9e aupr\u00e8s de l\u2019INPI sous le N\u00b0 4022181 au nom de M. Giuseppe Attoma Pepe.<br>Ce site web est aliment\u00e9 par WordPress, un syst\u00e8me de gestion de contenu de site web. <br>Ce site a \u00e9t\u00e9 d\u00e9velopp\u00e9 par <a href=\"https:\/\/patterns.digital\">Patterns Digital<\/a>.<br>Sauf indication contraire, les images et les textes publi\u00e9s sur ce site sont \u00a9 Taking Tiger Mountain.<\/p>\n","protected":false},"excerpt":{"rendered":"<p>Objet Ce site est un espace de partage de r\u00e9flexions, d\u2019exp\u00e9riences et de projets issus de plusieurs d\u00e9cennies de pratique dans le domaine du design. Il a pour ambition de stimuler la conversation en tirer les le\u00e7ons du pass\u00e9 et, ainsi, d\u2019offrir un regard sur l\u2019avenir du design. Curateur Le site est imagin\u00e9 et anim\u00e9 [&hellip;]<\/p>\n","protected":false},"author":1,"featured_media":0,"parent":0,"menu_order":0,"comment_status":"closed","ping_status":"closed","template":"","meta":{"_acf_changed":false,"footnotes":""},"class_list":["post-2540","page","type-page","status-publish","hentry"],"acf":[],"_links":{"self":[{"href":"https:\/\/attoma.me\/fr\/wp-json\/wp\/v2\/pages\/2540","targetHints":{"allow":["GET"]}}],"collection":[{"href":"https:\/\/attoma.me\/fr\/wp-json\/wp\/v2\/pages"}],"about":[{"href":"https:\/\/attoma.me\/fr\/wp-json\/wp\/v2\/types\/page"}],"author":[{"embeddable":true,"href":"https:\/\/attoma.me\/fr\/wp-json\/wp\/v2\/users\/1"}],"replies":[{"embeddable":true,"href":"https:\/\/attoma.me\/fr\/wp-json\/wp\/v2\/comments?post=2540"}],"version-history":[{"count":6,"href":"https:\/\/attoma.me\/fr\/wp-json\/wp\/v2\/pages\/2540\/revisions"}],"predecessor-version":[{"id":2727,"href":"https:\/\/attoma.me\/fr\/wp-json\/wp\/v2\/pages\/2540\/revisions\/2727"}],"wp:attachment":[{"href":"https:\/\/attoma.me\/fr\/wp-json\/wp\/v2\/media?parent=2540"}],"curies":[{"name":"wp","href":"https:\/\/api.w.org\/{rel}","templated":true}]}}