{"id":2614,"date":"2025-04-29T07:19:06","date_gmt":"2025-04-29T07:19:06","guid":{"rendered":"https:\/\/attoma.me\/politique-de-confidentialite\/"},"modified":"2025-04-29T07:23:10","modified_gmt":"2025-04-29T07:23:10","slug":"politique-de-confidentialite","status":"publish","type":"page","link":"https:\/\/attoma.me\/fr\/politique-de-confidentialite\/","title":{"rendered":"Politique de confidentialit\u00e9"},"content":{"rendered":"\n<h2 class=\"wp-block-heading\">Politique de confidentialit\u00e9<\/h2>\n\n<p>Conform\u00e9ment aux articles 13 et 14 du R\u00e8glement G\u00e9n\u00e9ral sur la Protection des Donn\u00e9es (RGPD), nous vous informons que les donn\u00e9es personnelles que vous nous avez fournies en remplissant le formulaire d\u2019inscription sur notre site www.attomalab.eu sont trait\u00e9es de la mani\u00e8re d\u00e9crite dans les paragraphes suivants.<\/p>\n\n<p>Veuillez noter que la pr\u00e9sente politique de confidentialit\u00e9 s\u2019applique uniquement \u00e0 notre site web et ne concerne pas les autres sites que vous pourriez consulter via les liens pr\u00e9sents sur notre site.<\/p>\n\n<h2 class=\"wp-block-heading\">Responsable de traitement<\/h2>\n\n<p>Conform\u00e9ment aux articles 4 et 24 du RGPD, le responsable du traitement est : Taking Tiger Mountain Association loi de 1901 (France) N\u00b0 RNA W751272003 68, rue du Bac 75007 Paris (France) La liste des \u00e9ventuels sous-traitants peut \u00eatre demand\u00e9e au responsable de traitement.<\/p>\n\n<h2 class=\"wp-block-heading\">Donn\u00e9es collect\u00e9es<\/h2>\n\n<p>Les Donn\u00e9es Personnelles collect\u00e9es par ce site, de mani\u00e8re autonome ou par l\u2019interm\u00e9diaire de tiers, comprennent, \u00e0 titre d\u2019exemple : les cookies et l\u2019adresse IP. Les Donn\u00e9es Personnelles peuvent \u00eatre fournies volontairement par l\u2019utilisateur ou collect\u00e9es automatiquement lors de l\u2019utilisation de ce site. L\u2019utilisation \u00e9ventuelle de cookies \u2013 ou d\u2019autres outils de suivi \u2013 par ce site ou par les responsables de services tiers utilis\u00e9s par ce site, sauf indication contraire, a pour objectif d\u2019identifier l\u2019Utilisateur et d\u2019enregistrer ses pr\u00e9f\u00e9rences \u00e0 des fins strictement li\u00e9es \u00e0 la fourniture du service demand\u00e9 par l\u2019Utilisateur. L\u2019Utilisateur est responsable des Donn\u00e9es Personnelles de tiers publi\u00e9es ou partag\u00e9es via ce site et garantit qu\u2019il a le droit de les communiquer ou de les diffuser, d\u00e9gageant ainsi le Responsable de traitement de toute responsabilit\u00e9 envers des tiers.   <\/p>\n\n<h2 class=\"wp-block-heading\">Modalit\u00e9s, finalit\u00e9s et base juridique du traitement<\/h2>\n\n<p>Les donn\u00e9es personnelles fournies seront trait\u00e9es en adoptant les mesures de s\u00e9curit\u00e9 appropri\u00e9es afin d\u2019emp\u00eacher l\u2019acc\u00e8s, la divulgation, la modification ou la destruction non autoris\u00e9s des Donn\u00e9es personnelles. Le traitement est effectu\u00e9 \u00e0 l\u2019aide d\u2019outils informatiques et\/ou t\u00e9l\u00e9matiques, selon des modalit\u00e9s organisationnelles et des logiques \u00e9troitement li\u00e9es aux finalit\u00e9s indiqu\u00e9es. Les Donn\u00e9es seront trait\u00e9es sur la base des articles 6 et 9 du RGPD \u2013 base juridique du traitement \u2013, en particulier lorsque l\u2019une au moins des conditions suivantes est remplie :  <\/p>\n\n<ul class=\"wp-block-list\">\n<li>Consentement de la personne concern\u00e9e,<\/li>\n\n\n\n<li>Ex\u00e9cution d\u2019un contrat ou de mesures pr\u00e9contractuelles prises \u00e0 la demande de la personne concern\u00e9e,<\/li>\n\n\n\n<li>Respect d\u2019une obligation l\u00e9gale,<\/li>\n\n\n\n<li>Protection des int\u00e9r\u00eats l\u00e9gitimes.<\/li>\n<\/ul>\n\n<p>Les Donn\u00e9es personnelles sont collect\u00e9es et trait\u00e9es dans le but de permettre au Responsable de traitement de fournir ses services, et sont \u00e9galement utilis\u00e9es \u00e0 des fins statistiques de navigation et pour vous contacter. Le traitement des Donn\u00e9es est strictement limit\u00e9 aux finalit\u00e9s institutionnelles de notre organisation, notamment pour satisfaire aux obligations l\u00e9gales et garantir la s\u00e9curit\u00e9 des donn\u00e9es. <\/p>\n","protected":false},"excerpt":{"rendered":"<p>Politique de confidentialit\u00e9 Conform\u00e9ment aux articles 13 et 14 du R\u00e8glement G\u00e9n\u00e9ral sur la Protection des Donn\u00e9es (RGPD), nous vous informons que les donn\u00e9es personnelles que vous nous avez fournies en remplissant le formulaire d\u2019inscription sur notre site www.attomalab.eu sont trait\u00e9es de la mani\u00e8re d\u00e9crite dans les paragraphes suivants. Veuillez noter que la pr\u00e9sente politique [&hellip;]<\/p>\n","protected":false},"author":1,"featured_media":0,"parent":0,"menu_order":0,"comment_status":"closed","ping_status":"closed","template":"","meta":{"_acf_changed":false,"footnotes":""},"class_list":["post-2614","page","type-page","status-publish","hentry"],"acf":[],"_links":{"self":[{"href":"https:\/\/attoma.me\/fr\/wp-json\/wp\/v2\/pages\/2614","targetHints":{"allow":["GET"]}}],"collection":[{"href":"https:\/\/attoma.me\/fr\/wp-json\/wp\/v2\/pages"}],"about":[{"href":"https:\/\/attoma.me\/fr\/wp-json\/wp\/v2\/types\/page"}],"author":[{"embeddable":true,"href":"https:\/\/attoma.me\/fr\/wp-json\/wp\/v2\/users\/1"}],"replies":[{"embeddable":true,"href":"https:\/\/attoma.me\/fr\/wp-json\/wp\/v2\/comments?post=2614"}],"version-history":[{"count":1,"href":"https:\/\/attoma.me\/fr\/wp-json\/wp\/v2\/pages\/2614\/revisions"}],"predecessor-version":[{"id":2617,"href":"https:\/\/attoma.me\/fr\/wp-json\/wp\/v2\/pages\/2614\/revisions\/2617"}],"wp:attachment":[{"href":"https:\/\/attoma.me\/fr\/wp-json\/wp\/v2\/media?parent=2614"}],"curies":[{"name":"wp","href":"https:\/\/api.w.org\/{rel}","templated":true}]}}